{"id":3777,"date":"2020-11-20T15:00:59","date_gmt":"2020-11-20T13:00:59","guid":{"rendered":"https:\/\/www.chipfactory.at\/?post_type=product&#038;p=3777"},"modified":"2025-02-27T12:41:45","modified_gmt":"2025-02-27T10:41:45","slug":"bmw-m52-einzeldrosselanlage-mit-frei-programmierbare-steuerung","status":"publish","type":"product","link":"https:\/\/www.chipfactory.at\/en\/produkt\/bmw-m52-einzeldrosselanlage-mit-frei-programmierbare-steuerung\/","title":{"rendered":"BMW M52 Einzeldrosselanlage mit frei Programmierbare Steuerung"},"content":{"rendered":"<p class=\"qtranxs-available-languages-message qtranxs-available-languages-message-en\">Sorry, this entry is only available in <a href=\"https:\/\/www.chipfactory.at\/de\/wp-json\/wp\/v2\/product\/3777\" class=\"qtranxs-available-language-link qtranxs-available-language-link-de\" title=\"Deutsch\">Deutsch<\/a>.<\/p><p><\/p>\n<div class=\"product-desc-content-title\">\n<h2>DETAILS ZUM BMW M52 KIT<\/h2>\n<\/div>\n<div class=\"product-desc-content-text\">\n<p>-TBS45-Drosselklappengeh\u00e4use<br \/>\n-Jenvey Dynamics EFI-Einlasskr\u00fcmmer<br \/>\n-60 mm lange Trichter<br \/>\n-Kraftstoffverteiler<br \/>\n-Kraftstoffdruckregler<br \/>\n-Luftfilter (Sammler) aus Karbon<br \/>\n-Einspritzd\u00fcsen<br \/>\n-EMtron SL6 Steuerger\u00e4t<br \/>\n-alle Sensoren<br \/>\n-Einbau<br \/>\n-Feinabstimmung am Pr\u00fcfstand<br \/>\n-Leistungsmessung<br \/>\n-und s\u00e4mtliches Zubeh\u00f6r<\/p>\n<p>Preis: \u20ac 7.500,- inkl.MwSt.<\/p>\n<p>Das Kit wurde f\u00fcr den Motorsport entwickelt und bietet hervorragende Leistung, Zuverl\u00e4ssigkeit, Leichtigkeit und Wertigkeit. Dieses Kit ist ideal f\u00fcr den Einsatz auf der Stra\u00dfe, auf der Rennstrecke oder bei Rally.<\/p>\n<p>&nbsp;<\/p>\n<\/div>\n<div id='gallery-1' class='gallery galleryid-3777 gallery-columns-4 gallery-size-thumbnail'><figure class='gallery-item'>\n\t\t\t<div class='gallery-icon portrait'>\n\t\t\t\t<a href='https:\/\/www.chipfactory.at\/media\/uploads\/2020\/11\/BMW-M52.jpg'><img loading=\"lazy\" decoding=\"async\" width=\"150\" height=\"100\" src=\"https:\/\/www.chipfactory.at\/media\/uploads\/2020\/11\/BMW-M52-150x100.jpg\" class=\"attachment-thumbnail size-thumbnail\" alt=\"\" sizes=\"auto, (max-width: 34.9rem) calc(100vw - 2rem), (max-width: 53rem) calc(8 * (100vw \/ 12)), (min-width: 53rem) calc(6 * (100vw \/ 12)), 100vw\" \/><\/a>\n\t\t\t<\/div><\/figure><figure class='gallery-item'>\n\t\t\t<div class='gallery-icon portrait'>\n\t\t\t\t<a href='https:\/\/www.chipfactory.at\/media\/uploads\/2020\/11\/Unbenannt.jpg'><img loading=\"lazy\" decoding=\"async\" width=\"150\" height=\"100\" src=\"https:\/\/www.chipfactory.at\/media\/uploads\/2020\/11\/Unbenannt-150x100.jpg\" class=\"attachment-thumbnail size-thumbnail\" alt=\"\" sizes=\"auto, (max-width: 34.9rem) calc(100vw - 2rem), (max-width: 53rem) calc(8 * (100vw \/ 12)), (min-width: 53rem) calc(6 * (100vw \/ 12)), 100vw\" \/><\/a>\n\t\t\t<\/div><\/figure><figure class='gallery-item'>\n\t\t\t<div class='gallery-icon landscape'>\n\t\t\t\t<a href='https:\/\/www.chipfactory.at\/media\/uploads\/2020\/11\/Unbenannt2.jpg'><img loading=\"lazy\" decoding=\"async\" width=\"150\" height=\"100\" src=\"https:\/\/www.chipfactory.at\/media\/uploads\/2020\/11\/Unbenannt2-150x100.jpg\" class=\"attachment-thumbnail size-thumbnail\" alt=\"\" srcset=\"https:\/\/www.chipfactory.at\/media\/uploads\/2020\/11\/Unbenannt2-150x100.jpg 150w, https:\/\/www.chipfactory.at\/media\/uploads\/2020\/11\/Unbenannt2-800x533.jpg 800w\" sizes=\"auto, (max-width: 34.9rem) calc(100vw - 2rem), (max-width: 53rem) calc(8 * (100vw \/ 12)), (min-width: 53rem) calc(6 * (100vw \/ 12)), 100vw\" \/><\/a>\n\t\t\t<\/div><\/figure><figure class='gallery-item'>\n\t\t\t<div class='gallery-icon portrait'>\n\t\t\t\t<a href='https:\/\/www.chipfactory.at\/media\/uploads\/2020\/11\/ECU_Emtron_KV8-12_02.jpg'><img loading=\"lazy\" decoding=\"async\" width=\"150\" height=\"100\" src=\"https:\/\/www.chipfactory.at\/media\/uploads\/2020\/11\/ECU_Emtron_KV8-12_02-150x100.jpg\" class=\"attachment-thumbnail size-thumbnail\" alt=\"\" srcset=\"https:\/\/www.chipfactory.at\/media\/uploads\/2020\/11\/ECU_Emtron_KV8-12_02-150x100.jpg 150w, https:\/\/www.chipfactory.at\/media\/uploads\/2020\/11\/ECU_Emtron_KV8-12_02-800x533.jpg 800w\" sizes=\"auto, (max-width: 34.9rem) calc(100vw - 2rem), (max-width: 53rem) calc(8 * (100vw \/ 12)), (min-width: 53rem) calc(6 * (100vw \/ 12)), 100vw\" \/><\/a>\n\t\t\t<\/div><\/figure>\n\t\t<\/div>\n\n<div class=\"product-desc-content-text\">\n<p>&nbsp;<\/p>\n<\/div>\n<p><\/p>","protected":false},"excerpt":{"rendered":"<p>Sorry, this entry is only available in Deutsch. DETAILS ZUM BMW M52 KIT -TBS45-Drosselklappengeh\u00e4use -Jenvey Dynamics EFI-Einlasskr\u00fcmmer -60 mm lange Trichter -Kraftstoffverteiler -Kraftstoffdruckregler -Luftfilter (Sammler) aus Karbon -Einspritzd\u00fcsen -EMtron SL6 Steuerger\u00e4t -alle Sensoren -Einbau -Feinabstimmung am Pr\u00fcfstand -Leistungsmessung -und s\u00e4mtliches Zubeh\u00f6r Preis: \u20ac 7.500,- inkl.MwSt. Das Kit wurde f\u00fcr den Motorsport entwickelt und bietet hervorragende &hellip; <\/p>\n<p class=\"link-more\"><a href=\"https:\/\/www.chipfactory.at\/en\/produkt\/bmw-m52-einzeldrosselanlage-mit-frei-programmierbare-steuerung\/\" class=\"more-link\">Continue reading<span class=\"screen-reader-text\"> &#8220;BMW M52 Einzeldrosselanlage mit frei Programmierbare Steuerung&#8221;<\/span><\/a><\/p>\n","protected":false},"featured_media":5085,"template":"","meta":{"_acf_changed":false},"product_brand":[],"product_cat":[18],"product_tag":[71,69,67,73,72,70,66,68,74,75],"class_list":{"0":"post-3777","1":"product","2":"type-product","3":"status-publish","4":"has-post-thumbnail","6":"product_cat-motor-teile-upgrades","7":"product_tag-bmwenizeldrossel","8":"product_tag-bmwjenvey","9":"product_tag-bmwm52","10":"product_tag-bmwmotorsport","11":"product_tag-chipfactory","12":"product_tag-einzeldrossel","13":"product_tag-emtron","14":"product_tag-jenvey","15":"product_tag-motorsport","16":"product_tag-throttlebody","17":"entry","19":"first","20":"outofstock","21":"sold-individually","22":"shipping-taxable","23":"purchasable","24":"product-type-simple"},"acf":[],"_links":{"self":[{"href":"https:\/\/www.chipfactory.at\/en\/wp-json\/wp\/v2\/product\/3777","targetHints":{"allow":["GET"]}}],"collection":[{"href":"https:\/\/www.chipfactory.at\/en\/wp-json\/wp\/v2\/product"}],"about":[{"href":"https:\/\/www.chipfactory.at\/en\/wp-json\/wp\/v2\/types\/product"}],"wp:featuredmedia":[{"embeddable":true,"href":"https:\/\/www.chipfactory.at\/en\/wp-json\/wp\/v2\/media\/5085"}],"wp:attachment":[{"href":"https:\/\/www.chipfactory.at\/en\/wp-json\/wp\/v2\/media?parent=3777"}],"wp:term":[{"taxonomy":"product_brand","embeddable":true,"href":"https:\/\/www.chipfactory.at\/en\/wp-json\/wp\/v2\/product_brand?post=3777"},{"taxonomy":"product_cat","embeddable":true,"href":"https:\/\/www.chipfactory.at\/en\/wp-json\/wp\/v2\/product_cat?post=3777"},{"taxonomy":"product_tag","embeddable":true,"href":"https:\/\/www.chipfactory.at\/en\/wp-json\/wp\/v2\/product_tag?post=3777"}],"curies":[{"name":"wp","href":"https:\/\/api.w.org\/{rel}","templated":true}]}}