{"id":3799,"date":"2020-11-21T10:59:45","date_gmt":"2020-11-21T08:59:45","guid":{"rendered":"https:\/\/www.chipfactory.at\/?post_type=product&#038;p=3799"},"modified":"2025-02-27T12:34:36","modified_gmt":"2025-02-27T10:34:36","slug":"chevrolet-ls1-ls3-ls7-einzeldrosselanlage-mit-frei-programmierbare-steuerung","status":"publish","type":"product","link":"https:\/\/www.chipfactory.at\/en\/produkt\/chevrolet-ls1-ls3-ls7-einzeldrosselanlage-mit-frei-programmierbare-steuerung\/","title":{"rendered":"Chevrolet LS1 LS3 LS7 Einzeldrosselanlage mit frei Programmierbare Steuerung"},"content":{"rendered":"<p class=\"qtranxs-available-languages-message qtranxs-available-languages-message-en\">Sorry, this entry is only available in <a href=\"https:\/\/www.chipfactory.at\/de\/wp-json\/wp\/v2\/product\/3799\" class=\"qtranxs-available-language-link qtranxs-available-language-link-de\" title=\"Deutsch\">Deutsch<\/a>.<\/p><p><strong>DETAILS ZUM Chevrolet LS1, LS3 oder LS7 KIT<\/strong><\/p>\n<p>-52, 58 oder 60mm-Drosselklappengeh\u00e4use<br \/>\n-Jenvey Dynamics EFI-Einlasskr\u00fcmmer<br \/>\n-Trichter<br \/>\n-Kraftstoffverteiler<br \/>\n-Kraftstoffpumpe<br \/>\n-Kraftstoffdruckregler<br \/>\n-Luftfilter (Sammler)<br \/>\n-Einspritzd\u00fcsen<br \/>\n-Elektronische Drosselklappenantrieb<br \/>\n-EMtron KV8 Steuerger\u00e4t<br \/>\n-alle Sensoren<br \/>\n-Einbau<br \/>\n-Feinabstimmung am Pr\u00fcfstand<br \/>\n-Leistungsmessung<br \/>\n-und s\u00e4mtliches Zubeh\u00f6r<\/p>\n<p>Preis \u20ac 11.600,- inkl.MwSt.<\/p>\n<p>Das Kit wurde f\u00fcr den Motorsport entwickelt und bietet hervorragende Leistung, Zuverl\u00e4ssigkeit, Leichtigkeit und Wertigkeit. Dieses Kit ist ideal f\u00fcr den Einsatz auf der Stra\u00dfe, auf der Rennstrecke oder bei Rally.<\/p>\n<p><div id='gallery-1' class='gallery galleryid-3799 gallery-columns-4 gallery-size-thumbnail'><figure class='gallery-item'>\n\t\t\t<div class='gallery-icon landscape'>\n\t\t\t\t<a href='https:\/\/www.chipfactory.at\/media\/uploads\/2020\/11\/Chevrolet-LS1-LS3-LS7-Chipfactory-1.png'><img loading=\"lazy\" decoding=\"async\" width=\"150\" height=\"100\" src=\"https:\/\/www.chipfactory.at\/media\/uploads\/2020\/11\/Chevrolet-LS1-LS3-LS7-Chipfactory-1-150x100.png\" class=\"attachment-thumbnail size-thumbnail\" alt=\"\" srcset=\"https:\/\/www.chipfactory.at\/media\/uploads\/2020\/11\/Chevrolet-LS1-LS3-LS7-Chipfactory-1-150x100.png 150w, https:\/\/www.chipfactory.at\/media\/uploads\/2020\/11\/Chevrolet-LS1-LS3-LS7-Chipfactory-1-800x533.png 800w\" sizes=\"auto, (max-width: 34.9rem) calc(100vw - 2rem), (max-width: 53rem) calc(8 * (100vw \/ 12)), (min-width: 53rem) calc(6 * (100vw \/ 12)), 100vw\" \/><\/a>\n\t\t\t<\/div><\/figure><figure class='gallery-item'>\n\t\t\t<div class='gallery-icon landscape'>\n\t\t\t\t<a href='https:\/\/www.chipfactory.at\/media\/uploads\/2020\/11\/Chevrolet-LS1-LS3-LS7-Chipfactory-2.png'><img loading=\"lazy\" decoding=\"async\" width=\"150\" height=\"100\" src=\"https:\/\/www.chipfactory.at\/media\/uploads\/2020\/11\/Chevrolet-LS1-LS3-LS7-Chipfactory-2-150x100.png\" class=\"attachment-thumbnail size-thumbnail\" alt=\"\" srcset=\"https:\/\/www.chipfactory.at\/media\/uploads\/2020\/11\/Chevrolet-LS1-LS3-LS7-Chipfactory-2-150x100.png 150w, https:\/\/www.chipfactory.at\/media\/uploads\/2020\/11\/Chevrolet-LS1-LS3-LS7-Chipfactory-2-800x533.png 800w\" sizes=\"auto, (max-width: 34.9rem) calc(100vw - 2rem), (max-width: 53rem) calc(8 * (100vw \/ 12)), (min-width: 53rem) calc(6 * (100vw \/ 12)), 100vw\" \/><\/a>\n\t\t\t<\/div><\/figure><figure class='gallery-item'>\n\t\t\t<div class='gallery-icon landscape'>\n\t\t\t\t<a href='https:\/\/www.chipfactory.at\/media\/uploads\/2020\/11\/Chevrolet-LS1-LS3-LS7-Chipfactory-3.png'><img loading=\"lazy\" decoding=\"async\" width=\"150\" height=\"100\" src=\"https:\/\/www.chipfactory.at\/media\/uploads\/2020\/11\/Chevrolet-LS1-LS3-LS7-Chipfactory-3-150x100.png\" class=\"attachment-thumbnail size-thumbnail\" alt=\"\" srcset=\"https:\/\/www.chipfactory.at\/media\/uploads\/2020\/11\/Chevrolet-LS1-LS3-LS7-Chipfactory-3-150x100.png 150w, https:\/\/www.chipfactory.at\/media\/uploads\/2020\/11\/Chevrolet-LS1-LS3-LS7-Chipfactory-3-800x533.png 800w\" sizes=\"auto, (max-width: 34.9rem) calc(100vw - 2rem), (max-width: 53rem) calc(8 * (100vw \/ 12)), (min-width: 53rem) calc(6 * (100vw \/ 12)), 100vw\" \/><\/a>\n\t\t\t<\/div><\/figure><figure class='gallery-item'>\n\t\t\t<div class='gallery-icon landscape'>\n\t\t\t\t<a href='https:\/\/www.chipfactory.at\/media\/uploads\/2020\/11\/Chevrolet-LS1-LS3-LS7-Chipfactory.png'><img loading=\"lazy\" decoding=\"async\" width=\"150\" height=\"100\" src=\"https:\/\/www.chipfactory.at\/media\/uploads\/2020\/11\/Chevrolet-LS1-LS3-LS7-Chipfactory-150x100.png\" class=\"attachment-thumbnail size-thumbnail\" alt=\"\" srcset=\"https:\/\/www.chipfactory.at\/media\/uploads\/2020\/11\/Chevrolet-LS1-LS3-LS7-Chipfactory-150x100.png 150w, https:\/\/www.chipfactory.at\/media\/uploads\/2020\/11\/Chevrolet-LS1-LS3-LS7-Chipfactory-800x533.png 800w\" sizes=\"auto, (max-width: 34.9rem) calc(100vw - 2rem), (max-width: 53rem) calc(8 * (100vw \/ 12)), (min-width: 53rem) calc(6 * (100vw \/ 12)), 100vw\" \/><\/a>\n\t\t\t<\/div><\/figure><figure class='gallery-item'>\n\t\t\t<div class='gallery-icon landscape'>\n\t\t\t\t<a href='https:\/\/www.chipfactory.at\/media\/uploads\/2020\/11\/Chevrolet-LS1-LS3-LS7-Jenvey-Chipfactory-1.png'><img loading=\"lazy\" decoding=\"async\" width=\"150\" height=\"100\" src=\"https:\/\/www.chipfactory.at\/media\/uploads\/2020\/11\/Chevrolet-LS1-LS3-LS7-Jenvey-Chipfactory-1-150x100.png\" class=\"attachment-thumbnail size-thumbnail\" alt=\"\" srcset=\"https:\/\/www.chipfactory.at\/media\/uploads\/2020\/11\/Chevrolet-LS1-LS3-LS7-Jenvey-Chipfactory-1-150x100.png 150w, https:\/\/www.chipfactory.at\/media\/uploads\/2020\/11\/Chevrolet-LS1-LS3-LS7-Jenvey-Chipfactory-1-800x533.png 800w\" sizes=\"auto, (max-width: 34.9rem) calc(100vw - 2rem), (max-width: 53rem) calc(8 * (100vw \/ 12)), (min-width: 53rem) calc(6 * (100vw \/ 12)), 100vw\" \/><\/a>\n\t\t\t<\/div><\/figure><figure class='gallery-item'>\n\t\t\t<div class='gallery-icon landscape'>\n\t\t\t\t<a href='https:\/\/www.chipfactory.at\/media\/uploads\/2020\/11\/Chevrolet-LS1-LS3-LS7-Jenvey-Chipfactory-2.png'><img loading=\"lazy\" decoding=\"async\" width=\"150\" height=\"100\" src=\"https:\/\/www.chipfactory.at\/media\/uploads\/2020\/11\/Chevrolet-LS1-LS3-LS7-Jenvey-Chipfactory-2-150x100.png\" class=\"attachment-thumbnail size-thumbnail\" alt=\"\" srcset=\"https:\/\/www.chipfactory.at\/media\/uploads\/2020\/11\/Chevrolet-LS1-LS3-LS7-Jenvey-Chipfactory-2-150x100.png 150w, https:\/\/www.chipfactory.at\/media\/uploads\/2020\/11\/Chevrolet-LS1-LS3-LS7-Jenvey-Chipfactory-2-800x533.png 800w\" sizes=\"auto, (max-width: 34.9rem) calc(100vw - 2rem), (max-width: 53rem) calc(8 * (100vw \/ 12)), (min-width: 53rem) calc(6 * (100vw \/ 12)), 100vw\" \/><\/a>\n\t\t\t<\/div><\/figure><figure class='gallery-item'>\n\t\t\t<div class='gallery-icon landscape'>\n\t\t\t\t<a href='https:\/\/www.chipfactory.at\/media\/uploads\/2020\/11\/Chevrolet-LS1-LS3-LS7-Jenvey-Chipfactory-3.png'><img loading=\"lazy\" decoding=\"async\" width=\"150\" height=\"100\" src=\"https:\/\/www.chipfactory.at\/media\/uploads\/2020\/11\/Chevrolet-LS1-LS3-LS7-Jenvey-Chipfactory-3-150x100.png\" class=\"attachment-thumbnail size-thumbnail\" alt=\"\" srcset=\"https:\/\/www.chipfactory.at\/media\/uploads\/2020\/11\/Chevrolet-LS1-LS3-LS7-Jenvey-Chipfactory-3-150x100.png 150w, https:\/\/www.chipfactory.at\/media\/uploads\/2020\/11\/Chevrolet-LS1-LS3-LS7-Jenvey-Chipfactory-3-800x533.png 800w\" sizes=\"auto, (max-width: 34.9rem) calc(100vw - 2rem), (max-width: 53rem) calc(8 * (100vw \/ 12)), (min-width: 53rem) calc(6 * (100vw \/ 12)), 100vw\" \/><\/a>\n\t\t\t<\/div><\/figure><figure class='gallery-item'>\n\t\t\t<div class='gallery-icon landscape'>\n\t\t\t\t<a href='https:\/\/www.chipfactory.at\/media\/uploads\/2020\/11\/Chevrolet-LS1-LS3-LS7-Jenvey-Chipfactory-4.png'><img loading=\"lazy\" decoding=\"async\" width=\"150\" height=\"100\" src=\"https:\/\/www.chipfactory.at\/media\/uploads\/2020\/11\/Chevrolet-LS1-LS3-LS7-Jenvey-Chipfactory-4-150x100.png\" class=\"attachment-thumbnail size-thumbnail\" alt=\"\" srcset=\"https:\/\/www.chipfactory.at\/media\/uploads\/2020\/11\/Chevrolet-LS1-LS3-LS7-Jenvey-Chipfactory-4-150x100.png 150w, https:\/\/www.chipfactory.at\/media\/uploads\/2020\/11\/Chevrolet-LS1-LS3-LS7-Jenvey-Chipfactory-4-800x533.png 800w\" sizes=\"auto, (max-width: 34.9rem) calc(100vw - 2rem), (max-width: 53rem) calc(8 * (100vw \/ 12)), (min-width: 53rem) calc(6 * (100vw \/ 12)), 100vw\" \/><\/a>\n\t\t\t<\/div><\/figure>\n\t\t<\/div>\n<\/p>","protected":false},"excerpt":{"rendered":"<p>Sorry, this entry is only available in Deutsch.DETAILS ZUM Chevrolet LS1, LS3 oder LS7 KIT -52, 58 oder 60mm-Drosselklappengeh\u00e4use -Jenvey Dynamics EFI-Einlasskr\u00fcmmer -Trichter -Kraftstoffverteiler -Kraftstoffpumpe -Kraftstoffdruckregler -Luftfilter (Sammler) -Einspritzd\u00fcsen -Elektronische Drosselklappenantrieb -EMtron KV8 Steuerger\u00e4t -alle Sensoren -Einbau -Feinabstimmung am Pr\u00fcfstand -Leistungsmessung -und s\u00e4mtliches Zubeh\u00f6r Preis \u20ac 11.600,- inkl.MwSt. Das Kit wurde f\u00fcr den Motorsport entwickelt &hellip; <\/p>\n<p class=\"link-more\"><a href=\"https:\/\/www.chipfactory.at\/en\/produkt\/chevrolet-ls1-ls3-ls7-einzeldrosselanlage-mit-frei-programmierbare-steuerung\/\" class=\"more-link\">Continue reading<span class=\"screen-reader-text\"> &#8220;Chevrolet LS1 LS3 LS7 Einzeldrosselanlage mit frei Programmierbare Steuerung&#8221;<\/span><\/a><\/p>\n","protected":false},"featured_media":5089,"template":"","meta":{"_acf_changed":false},"product_brand":[],"product_cat":[18],"product_tag":[81,82,83,84,85,72,70,68],"class_list":{"0":"post-3799","1":"product","2":"type-product","3":"status-publish","4":"has-post-thumbnail","6":"product_cat-motor-teile-upgrades","7":"product_tag-chevrolet","8":"product_tag-chevroletls","9":"product_tag-chevroletls1","10":"product_tag-chevroletls3","11":"product_tag-chevroletls7","12":"product_tag-chipfactory","13":"product_tag-einzeldrossel","14":"product_tag-jenvey","15":"entry","17":"first","18":"outofstock","19":"shipping-taxable","20":"purchasable","21":"product-type-simple"},"acf":[],"_links":{"self":[{"href":"https:\/\/www.chipfactory.at\/en\/wp-json\/wp\/v2\/product\/3799","targetHints":{"allow":["GET"]}}],"collection":[{"href":"https:\/\/www.chipfactory.at\/en\/wp-json\/wp\/v2\/product"}],"about":[{"href":"https:\/\/www.chipfactory.at\/en\/wp-json\/wp\/v2\/types\/product"}],"wp:featuredmedia":[{"embeddable":true,"href":"https:\/\/www.chipfactory.at\/en\/wp-json\/wp\/v2\/media\/5089"}],"wp:attachment":[{"href":"https:\/\/www.chipfactory.at\/en\/wp-json\/wp\/v2\/media?parent=3799"}],"wp:term":[{"taxonomy":"product_brand","embeddable":true,"href":"https:\/\/www.chipfactory.at\/en\/wp-json\/wp\/v2\/product_brand?post=3799"},{"taxonomy":"product_cat","embeddable":true,"href":"https:\/\/www.chipfactory.at\/en\/wp-json\/wp\/v2\/product_cat?post=3799"},{"taxonomy":"product_tag","embeddable":true,"href":"https:\/\/www.chipfactory.at\/en\/wp-json\/wp\/v2\/product_tag?post=3799"}],"curies":[{"name":"wp","href":"https:\/\/api.w.org\/{rel}","templated":true}]}}