{"id":3808,"date":"2020-11-21T11:37:54","date_gmt":"2020-11-21T09:37:54","guid":{"rendered":"https:\/\/www.chipfactory.at\/?post_type=product&#038;p=3808"},"modified":"2025-02-27T12:41:44","modified_gmt":"2025-02-27T10:41:44","slug":"ford-cosworth-yb-sf48-konus-kit-mit-frei-programmierbare-steuerung","status":"publish","type":"product","link":"https:\/\/www.chipfactory.at\/en\/produkt\/ford-cosworth-yb-sf48-konus-kit-mit-frei-programmierbare-steuerung\/","title":{"rendered":"Ford Cosworth YB-SF48 Konus-Kit mit frei Programmierbare Steuerung"},"content":{"rendered":"<p class=\"qtranxs-available-languages-message qtranxs-available-languages-message-en\">Sorry, this entry is only available in <a href=\"https:\/\/www.chipfactory.at\/de\/wp-json\/wp\/v2\/product\/3808\" class=\"qtranxs-available-language-link qtranxs-available-language-link-de\" title=\"Deutsch\">Deutsch<\/a>.<\/p><p><strong>Details zum Ford Cosworth YB-SF48 Konus-Kit<\/strong><\/p>\n<p>-48mm SF Drosselklappengeh\u00e4use<br \/>\n-Jenvey Dynamics EFI-Einlasskr\u00fcmmer<br \/>\n-90 mm lange Trichter<br \/>\n-Kraftstoffverteiler<br \/>\n-Kraftstoffdruckregler<br \/>\n-Luftfilter (Sammler) aus Karbon<br \/>\n-EMtron SL6 Steuerger\u00e4t<br \/>\n-alle Sensoren<br \/>\n-Einbau<br \/>\n-Feinabstimmung am Pr\u00fcfstand<br \/>\n-Leistungsmessung<br \/>\n-und s\u00e4mtliches Zubeh\u00f6r<\/p>\n<p>Preis \u20ac 6.700,- inkl.MwSt.<\/p>\n<p>Das Kit wurde f\u00fcr den Motorsport entwickelt und bietet hervorragende Leistung, Zuverl\u00e4ssigkeit, Leichtigkeit und Wertigkeit. Dieses Kit ist ideal f\u00fcr den Einsatz auf der Stra\u00dfe, auf der Rennstrecke oder bei Rally.<\/p>\n<p><div id='gallery-1' class='gallery galleryid-3808 gallery-columns-4 gallery-size-thumbnail'><figure class='gallery-item'>\n\t\t\t<div class='gallery-icon landscape'>\n\t\t\t\t<a href='https:\/\/www.chipfactory.at\/media\/uploads\/2020\/11\/Jenvey-Ford-chipfactory-1.jpg'><img loading=\"lazy\" decoding=\"async\" width=\"150\" height=\"100\" src=\"https:\/\/www.chipfactory.at\/media\/uploads\/2020\/11\/Jenvey-Ford-chipfactory-1-150x100.jpg\" class=\"attachment-thumbnail size-thumbnail\" alt=\"\" srcset=\"https:\/\/www.chipfactory.at\/media\/uploads\/2020\/11\/Jenvey-Ford-chipfactory-1-150x100.jpg 150w, https:\/\/www.chipfactory.at\/media\/uploads\/2020\/11\/Jenvey-Ford-chipfactory-1-800x533.jpg 800w\" sizes=\"auto, (max-width: 34.9rem) calc(100vw - 2rem), (max-width: 53rem) calc(8 * (100vw \/ 12)), (min-width: 53rem) calc(6 * (100vw \/ 12)), 100vw\" \/><\/a>\n\t\t\t<\/div><\/figure><figure class='gallery-item'>\n\t\t\t<div class='gallery-icon landscape'>\n\t\t\t\t<a href='https:\/\/www.chipfactory.at\/media\/uploads\/2020\/11\/Jenvey-Ford-chipfactory-2.jpg'><img loading=\"lazy\" decoding=\"async\" width=\"150\" height=\"100\" src=\"https:\/\/www.chipfactory.at\/media\/uploads\/2020\/11\/Jenvey-Ford-chipfactory-2-150x100.jpg\" class=\"attachment-thumbnail size-thumbnail\" alt=\"\" srcset=\"https:\/\/www.chipfactory.at\/media\/uploads\/2020\/11\/Jenvey-Ford-chipfactory-2-150x100.jpg 150w, https:\/\/www.chipfactory.at\/media\/uploads\/2020\/11\/Jenvey-Ford-chipfactory-2-800x533.jpg 800w\" sizes=\"auto, (max-width: 34.9rem) calc(100vw - 2rem), (max-width: 53rem) calc(8 * (100vw \/ 12)), (min-width: 53rem) calc(6 * (100vw \/ 12)), 100vw\" \/><\/a>\n\t\t\t<\/div><\/figure><figure class='gallery-item'>\n\t\t\t<div class='gallery-icon landscape'>\n\t\t\t\t<a href='https:\/\/www.chipfactory.at\/media\/uploads\/2020\/11\/Jenvey-Ford-chipfactory-3.jpg'><img loading=\"lazy\" decoding=\"async\" width=\"150\" height=\"100\" src=\"https:\/\/www.chipfactory.at\/media\/uploads\/2020\/11\/Jenvey-Ford-chipfactory-3-150x100.jpg\" class=\"attachment-thumbnail size-thumbnail\" alt=\"\" srcset=\"https:\/\/www.chipfactory.at\/media\/uploads\/2020\/11\/Jenvey-Ford-chipfactory-3-150x100.jpg 150w, https:\/\/www.chipfactory.at\/media\/uploads\/2020\/11\/Jenvey-Ford-chipfactory-3-800x533.jpg 800w\" sizes=\"auto, (max-width: 34.9rem) calc(100vw - 2rem), (max-width: 53rem) calc(8 * (100vw \/ 12)), (min-width: 53rem) calc(6 * (100vw \/ 12)), 100vw\" \/><\/a>\n\t\t\t<\/div><\/figure><figure class='gallery-item'>\n\t\t\t<div class='gallery-icon landscape'>\n\t\t\t\t<a href='https:\/\/www.chipfactory.at\/media\/uploads\/2020\/11\/Jenvey-Ford-chipfactory.jpg'><img loading=\"lazy\" decoding=\"async\" width=\"150\" height=\"100\" src=\"https:\/\/www.chipfactory.at\/media\/uploads\/2020\/11\/Jenvey-Ford-chipfactory-150x100.jpg\" class=\"attachment-thumbnail size-thumbnail\" alt=\"\" srcset=\"https:\/\/www.chipfactory.at\/media\/uploads\/2020\/11\/Jenvey-Ford-chipfactory-150x100.jpg 150w, https:\/\/www.chipfactory.at\/media\/uploads\/2020\/11\/Jenvey-Ford-chipfactory-800x533.jpg 800w\" sizes=\"auto, (max-width: 34.9rem) calc(100vw - 2rem), (max-width: 53rem) calc(8 * (100vw \/ 12)), (min-width: 53rem) calc(6 * (100vw \/ 12)), 100vw\" \/><\/a>\n\t\t\t<\/div><\/figure>\n\t\t<\/div>\n<\/p>","protected":false},"excerpt":{"rendered":"<p>Sorry, this entry is only available in Deutsch.Details zum Ford Cosworth YB-SF48 Konus-Kit -48mm SF Drosselklappengeh\u00e4use -Jenvey Dynamics EFI-Einlasskr\u00fcmmer -90 mm lange Trichter -Kraftstoffverteiler -Kraftstoffdruckregler -Luftfilter (Sammler) aus Karbon -EMtron SL6 Steuerger\u00e4t -alle Sensoren -Einbau -Feinabstimmung am Pr\u00fcfstand -Leistungsmessung -und s\u00e4mtliches Zubeh\u00f6r Preis \u20ac 6.700,- inkl.MwSt. Das Kit wurde f\u00fcr den Motorsport entwickelt und bietet &hellip; <\/p>\n<p class=\"link-more\"><a href=\"https:\/\/www.chipfactory.at\/en\/produkt\/ford-cosworth-yb-sf48-konus-kit-mit-frei-programmierbare-steuerung\/\" class=\"more-link\">Continue reading<span class=\"screen-reader-text\"> &#8220;Ford Cosworth YB-SF48 Konus-Kit mit frei Programmierbare Steuerung&#8221;<\/span><\/a><\/p>\n","protected":false},"featured_media":5090,"template":"","meta":{"_acf_changed":false},"product_brand":[],"product_cat":[18],"product_tag":[],"class_list":{"0":"post-3808","1":"product","2":"type-product","3":"status-publish","4":"has-post-thumbnail","6":"product_cat-motor-teile-upgrades","7":"entry","9":"first","10":"outofstock","11":"shipping-taxable","12":"purchasable","13":"product-type-simple"},"acf":[],"_links":{"self":[{"href":"https:\/\/www.chipfactory.at\/en\/wp-json\/wp\/v2\/product\/3808","targetHints":{"allow":["GET"]}}],"collection":[{"href":"https:\/\/www.chipfactory.at\/en\/wp-json\/wp\/v2\/product"}],"about":[{"href":"https:\/\/www.chipfactory.at\/en\/wp-json\/wp\/v2\/types\/product"}],"wp:featuredmedia":[{"embeddable":true,"href":"https:\/\/www.chipfactory.at\/en\/wp-json\/wp\/v2\/media\/5090"}],"wp:attachment":[{"href":"https:\/\/www.chipfactory.at\/en\/wp-json\/wp\/v2\/media?parent=3808"}],"wp:term":[{"taxonomy":"product_brand","embeddable":true,"href":"https:\/\/www.chipfactory.at\/en\/wp-json\/wp\/v2\/product_brand?post=3808"},{"taxonomy":"product_cat","embeddable":true,"href":"https:\/\/www.chipfactory.at\/en\/wp-json\/wp\/v2\/product_cat?post=3808"},{"taxonomy":"product_tag","embeddable":true,"href":"https:\/\/www.chipfactory.at\/en\/wp-json\/wp\/v2\/product_tag?post=3808"}],"curies":[{"name":"wp","href":"https:\/\/api.w.org\/{rel}","templated":true}]}}