{"id":3830,"date":"2020-11-21T15:00:24","date_gmt":"2020-11-21T13:00:24","guid":{"rendered":"https:\/\/www.chipfactory.at\/?post_type=product&#038;p=3830"},"modified":"2025-02-27T12:24:16","modified_gmt":"2025-02-27T10:24:16","slug":"mitsubishi-evo-x-kit","status":"publish","type":"product","link":"https:\/\/www.chipfactory.at\/en\/produkt\/mitsubishi-evo-x-kit\/","title":{"rendered":"Mitsubishi Evo X Kit mit frei Programmierbare Steuerung"},"content":{"rendered":"<p class=\"qtranxs-available-languages-message qtranxs-available-languages-message-en\">Sorry, this entry is only available in <a href=\"https:\/\/www.chipfactory.at\/de\/wp-json\/wp\/v2\/product\/3830\" class=\"qtranxs-available-language-link qtranxs-available-language-link-de\" title=\"Deutsch\">Deutsch<\/a>.<\/p><p><strong>DETAILS ZUM Mitsubishi Evo X KIT<\/strong><\/p>\n<p>-Drosselklappengeh\u00e4use mit Sammler<br \/>\n-Jenvey Dynamics EFI-Einlasskr\u00fcmmer<br \/>\n-70 mm Drosselklappe<br \/>\n-SFS48mm-Drosselklappengeh\u00e4use<br \/>\n-Kraftstoffverteiler<br \/>\n-EMtron Mitsubishi Evo IX PNP Steuerger\u00e4t<br \/>\n-alle Sensoren<br \/>\n-Einbau<br \/>\n-Feinabstimmung am Pr\u00fcfstand<br \/>\n-Leistungsmessung<br \/>\n-und s\u00e4mtliches Zubeh\u00f6r<\/p>\n<p>Preis \u20ac 7.300,- inkl.MwSt.<\/p>\n<p>Das Kit wurde f\u00fcr den Motorsport entwickelt und bietet hervorragende Leistung, Zuverl\u00e4ssigkeit, Leichtigkeit und Wertigkeit. Dieses Kit ist ideal f\u00fcr den Einsatz auf der Stra\u00dfe, auf der Rennstrecke oder bei Rally.<\/p>\n<p><div id='gallery-1' class='gallery galleryid-3830 gallery-columns-3 gallery-size-thumbnail'><figure class='gallery-item'>\n\t\t\t<div class='gallery-icon landscape'>\n\t\t\t\t<a href='https:\/\/www.chipfactory.at\/media\/uploads\/2020\/11\/Jenvey-Mitsubishi-Chipfactory-2.jpg'><img loading=\"lazy\" decoding=\"async\" width=\"150\" height=\"100\" src=\"https:\/\/www.chipfactory.at\/media\/uploads\/2020\/11\/Jenvey-Mitsubishi-Chipfactory-2-150x100.jpg\" class=\"attachment-thumbnail size-thumbnail\" alt=\"\" srcset=\"https:\/\/www.chipfactory.at\/media\/uploads\/2020\/11\/Jenvey-Mitsubishi-Chipfactory-2-150x100.jpg 150w, https:\/\/www.chipfactory.at\/media\/uploads\/2020\/11\/Jenvey-Mitsubishi-Chipfactory-2-800x533.jpg 800w\" sizes=\"auto, (max-width: 34.9rem) calc(100vw - 2rem), (max-width: 53rem) calc(8 * (100vw \/ 12)), (min-width: 53rem) calc(6 * (100vw \/ 12)), 100vw\" \/><\/a>\n\t\t\t<\/div><\/figure><figure class='gallery-item'>\n\t\t\t<div class='gallery-icon landscape'>\n\t\t\t\t<a href='https:\/\/www.chipfactory.at\/media\/uploads\/2020\/11\/Jenvey-Mitsubishi-Chipfactory.jpg'><img loading=\"lazy\" decoding=\"async\" width=\"150\" height=\"100\" src=\"https:\/\/www.chipfactory.at\/media\/uploads\/2020\/11\/Jenvey-Mitsubishi-Chipfactory-150x100.jpg\" class=\"attachment-thumbnail size-thumbnail\" alt=\"\" srcset=\"https:\/\/www.chipfactory.at\/media\/uploads\/2020\/11\/Jenvey-Mitsubishi-Chipfactory-150x100.jpg 150w, https:\/\/www.chipfactory.at\/media\/uploads\/2020\/11\/Jenvey-Mitsubishi-Chipfactory-800x533.jpg 800w\" sizes=\"auto, (max-width: 34.9rem) calc(100vw - 2rem), (max-width: 53rem) calc(8 * (100vw \/ 12)), (min-width: 53rem) calc(6 * (100vw \/ 12)), 100vw\" \/><\/a>\n\t\t\t<\/div><\/figure><figure class='gallery-item'>\n\t\t\t<div class='gallery-icon landscape'>\n\t\t\t\t<a href='https:\/\/www.chipfactory.at\/media\/uploads\/2016\/11\/Emtron-Chipfactory-Mitsubishi.jpg'><img loading=\"lazy\" decoding=\"async\" width=\"150\" height=\"100\" src=\"https:\/\/www.chipfactory.at\/media\/uploads\/2016\/11\/Emtron-Chipfactory-Mitsubishi-150x100.jpg\" class=\"attachment-thumbnail size-thumbnail\" alt=\"\" srcset=\"https:\/\/www.chipfactory.at\/media\/uploads\/2016\/11\/Emtron-Chipfactory-Mitsubishi-150x100.jpg 150w, https:\/\/www.chipfactory.at\/media\/uploads\/2016\/11\/Emtron-Chipfactory-Mitsubishi-800x533.jpg 800w\" sizes=\"auto, (max-width: 34.9rem) calc(100vw - 2rem), (max-width: 53rem) calc(8 * (100vw \/ 12)), (min-width: 53rem) calc(6 * (100vw \/ 12)), 100vw\" \/><\/a>\n\t\t\t<\/div><\/figure>\n\t\t<\/div>\n<\/p>","protected":false},"excerpt":{"rendered":"<p>Sorry, this entry is only available in Deutsch.DETAILS ZUM Mitsubishi Evo X KIT -Drosselklappengeh\u00e4use mit Sammler -Jenvey Dynamics EFI-Einlasskr\u00fcmmer -70 mm Drosselklappe -SFS48mm-Drosselklappengeh\u00e4use -Kraftstoffverteiler -EMtron Mitsubishi Evo IX PNP Steuerger\u00e4t -alle Sensoren -Einbau -Feinabstimmung am Pr\u00fcfstand -Leistungsmessung -und s\u00e4mtliches Zubeh\u00f6r Preis \u20ac 7.300,- inkl.MwSt. Das Kit wurde f\u00fcr den Motorsport entwickelt und bietet hervorragende Leistung, &hellip; <\/p>\n<p class=\"link-more\"><a href=\"https:\/\/www.chipfactory.at\/en\/produkt\/mitsubishi-evo-x-kit\/\" class=\"more-link\">Continue reading<span class=\"screen-reader-text\"> &#8220;Mitsubishi Evo X Kit mit frei Programmierbare Steuerung&#8221;<\/span><\/a><\/p>\n","protected":false},"featured_media":5095,"template":"","meta":{"_acf_changed":false},"product_brand":[],"product_cat":[18],"product_tag":[113,68,86,112],"class_list":{"0":"post-3830","1":"product","2":"type-product","3":"status-publish","4":"has-post-thumbnail","6":"product_cat-motor-teile-upgrades","7":"product_tag-chipfacto","8":"product_tag-jenvey","9":"product_tag-mitsubishi","10":"product_tag-mitsubishievox","11":"entry","13":"first","14":"outofstock","15":"shipping-taxable","16":"purchasable","17":"product-type-simple"},"acf":[],"_links":{"self":[{"href":"https:\/\/www.chipfactory.at\/en\/wp-json\/wp\/v2\/product\/3830","targetHints":{"allow":["GET"]}}],"collection":[{"href":"https:\/\/www.chipfactory.at\/en\/wp-json\/wp\/v2\/product"}],"about":[{"href":"https:\/\/www.chipfactory.at\/en\/wp-json\/wp\/v2\/types\/product"}],"wp:featuredmedia":[{"embeddable":true,"href":"https:\/\/www.chipfactory.at\/en\/wp-json\/wp\/v2\/media\/5095"}],"wp:attachment":[{"href":"https:\/\/www.chipfactory.at\/en\/wp-json\/wp\/v2\/media?parent=3830"}],"wp:term":[{"taxonomy":"product_brand","embeddable":true,"href":"https:\/\/www.chipfactory.at\/en\/wp-json\/wp\/v2\/product_brand?post=3830"},{"taxonomy":"product_cat","embeddable":true,"href":"https:\/\/www.chipfactory.at\/en\/wp-json\/wp\/v2\/product_cat?post=3830"},{"taxonomy":"product_tag","embeddable":true,"href":"https:\/\/www.chipfactory.at\/en\/wp-json\/wp\/v2\/product_tag?post=3830"}],"curies":[{"name":"wp","href":"https:\/\/api.w.org\/{rel}","templated":true}]}}