{"id":3833,"date":"2020-11-21T15:15:04","date_gmt":"2020-11-21T13:15:04","guid":{"rendered":"https:\/\/www.chipfactory.at\/?post_type=product&#038;p=3833"},"modified":"2025-02-27T12:41:44","modified_gmt":"2025-02-27T10:41:44","slug":"nissan-datsun-l28-einzeldrosselanlage-mit-frei-programmierbare-steuerung","status":"publish","type":"product","link":"https:\/\/www.chipfactory.at\/en\/produkt\/nissan-datsun-l28-einzeldrosselanlage-mit-frei-programmierbare-steuerung\/","title":{"rendered":"Nissan Datsun L28 Einzeldrosselanlage mit frei Programmierbare Steuerung"},"content":{"rendered":"<p class=\"qtranxs-available-languages-message qtranxs-available-languages-message-en\">Sorry, this entry is only available in <a href=\"https:\/\/www.chipfactory.at\/de\/wp-json\/wp\/v2\/product\/3833\" class=\"qtranxs-available-language-link qtranxs-available-language-link-de\" title=\"Deutsch\">Deutsch<\/a>.<\/p><p><strong>DETAILS ZUM NISSAN DATSUN L28 KIT<\/strong><\/p>\n<p>Nissan Datsun L28 Einzeldrosselanlage f\u00fcr 240Z, 260Z, 280Z, 280ZX.<\/p>\n<p>-50mm Drosselklappengeh\u00e4use<br \/>\n-Jenvey Dynamics EFI-Einlasskr\u00fcmmer<br \/>\n-Kraftstoffverteiler<br \/>\n-Kraftstoffdruckregler<br \/>\n-Luftfilter (Sammler) aus Karbon<br \/>\n-Einspritzd\u00fcsen<br \/>\n-EMtron SL6 Steuerger\u00e4t<br \/>\n-alle Sensoren<br \/>\n-Einbau<br \/>\n-Feinabstimmung am Pr\u00fcfstand<br \/>\n-Leistungsmessung<br \/>\n-und s\u00e4mtliches Zubeh\u00f6r<\/p>\n<p>Preis \u20ac 7.820,- inkl.MwSt.<\/p>\n<p>Das Kit wurde f\u00fcr den Motorsport entwickelt und bietet hervorragende Leistung, Zuverl\u00e4ssigkeit, Leichtigkeit und Wertigkeit. Dieses Kit ist ideal f\u00fcr den Einsatz auf der Stra\u00dfe, auf der Rennstrecke oder bei Rally.<\/p>\n<p><div id='gallery-1' class='gallery galleryid-3833 gallery-columns-3 gallery-size-thumbnail'><figure class='gallery-item'>\n\t\t\t<div class='gallery-icon landscape'>\n\t\t\t\t<a href='https:\/\/www.chipfactory.at\/media\/uploads\/2020\/11\/Jenvey-Nissan-Datsun-Chipfactory-2.jpg'><img loading=\"lazy\" decoding=\"async\" width=\"150\" height=\"100\" src=\"https:\/\/www.chipfactory.at\/media\/uploads\/2020\/11\/Jenvey-Nissan-Datsun-Chipfactory-2-150x100.jpg\" class=\"attachment-thumbnail size-thumbnail\" alt=\"\" srcset=\"https:\/\/www.chipfactory.at\/media\/uploads\/2020\/11\/Jenvey-Nissan-Datsun-Chipfactory-2-150x100.jpg 150w, https:\/\/www.chipfactory.at\/media\/uploads\/2020\/11\/Jenvey-Nissan-Datsun-Chipfactory-2-800x533.jpg 800w\" sizes=\"auto, (max-width: 34.9rem) calc(100vw - 2rem), (max-width: 53rem) calc(8 * (100vw \/ 12)), (min-width: 53rem) calc(6 * (100vw \/ 12)), 100vw\" \/><\/a>\n\t\t\t<\/div><\/figure><figure class='gallery-item'>\n\t\t\t<div class='gallery-icon landscape'>\n\t\t\t\t<a href='https:\/\/www.chipfactory.at\/media\/uploads\/2020\/11\/Jenvey-Nissan-Datsun-Chipfactory.jpg'><img loading=\"lazy\" decoding=\"async\" width=\"150\" height=\"100\" src=\"https:\/\/www.chipfactory.at\/media\/uploads\/2020\/11\/Jenvey-Nissan-Datsun-Chipfactory-150x100.jpg\" class=\"attachment-thumbnail size-thumbnail\" alt=\"\" srcset=\"https:\/\/www.chipfactory.at\/media\/uploads\/2020\/11\/Jenvey-Nissan-Datsun-Chipfactory-150x100.jpg 150w, https:\/\/www.chipfactory.at\/media\/uploads\/2020\/11\/Jenvey-Nissan-Datsun-Chipfactory-800x533.jpg 800w\" sizes=\"auto, (max-width: 34.9rem) calc(100vw - 2rem), (max-width: 53rem) calc(8 * (100vw \/ 12)), (min-width: 53rem) calc(6 * (100vw \/ 12)), 100vw\" \/><\/a>\n\t\t\t<\/div><\/figure><figure class='gallery-item'>\n\t\t\t<div class='gallery-icon portrait'>\n\t\t\t\t<a href='https:\/\/www.chipfactory.at\/media\/uploads\/2020\/11\/ECU_Emtron_KV8-12_02-1.jpg'><img loading=\"lazy\" decoding=\"async\" width=\"150\" height=\"100\" src=\"https:\/\/www.chipfactory.at\/media\/uploads\/2020\/11\/ECU_Emtron_KV8-12_02-1-150x100.jpg\" class=\"attachment-thumbnail size-thumbnail\" alt=\"\" srcset=\"https:\/\/www.chipfactory.at\/media\/uploads\/2020\/11\/ECU_Emtron_KV8-12_02-1-150x100.jpg 150w, https:\/\/www.chipfactory.at\/media\/uploads\/2020\/11\/ECU_Emtron_KV8-12_02-1-800x533.jpg 800w\" sizes=\"auto, (max-width: 34.9rem) calc(100vw - 2rem), (max-width: 53rem) calc(8 * (100vw \/ 12)), (min-width: 53rem) calc(6 * (100vw \/ 12)), 100vw\" \/><\/a>\n\t\t\t<\/div><\/figure>\n\t\t<\/div>\n<\/p>","protected":false},"excerpt":{"rendered":"<p>Sorry, this entry is only available in Deutsch.DETAILS ZUM NISSAN DATSUN L28 KIT Nissan Datsun L28 Einzeldrosselanlage f\u00fcr 240Z, 260Z, 280Z, 280ZX. -50mm Drosselklappengeh\u00e4use -Jenvey Dynamics EFI-Einlasskr\u00fcmmer -Kraftstoffverteiler -Kraftstoffdruckregler -Luftfilter (Sammler) aus Karbon -Einspritzd\u00fcsen -EMtron SL6 Steuerger\u00e4t -alle Sensoren -Einbau -Feinabstimmung am Pr\u00fcfstand -Leistungsmessung -und s\u00e4mtliches Zubeh\u00f6r Preis \u20ac 7.820,- inkl.MwSt. Das Kit wurde f\u00fcr &hellip; <\/p>\n<p class=\"link-more\"><a href=\"https:\/\/www.chipfactory.at\/en\/produkt\/nissan-datsun-l28-einzeldrosselanlage-mit-frei-programmierbare-steuerung\/\" class=\"more-link\">Continue reading<span class=\"screen-reader-text\"> &#8220;Nissan Datsun L28 Einzeldrosselanlage mit frei Programmierbare Steuerung&#8221;<\/span><\/a><\/p>\n","protected":false},"featured_media":5096,"template":"","meta":{"_acf_changed":false},"product_brand":[],"product_cat":[18],"product_tag":[72,115,117,68,114,116],"class_list":{"0":"post-3833","1":"product","2":"type-product","3":"status-publish","4":"has-post-thumbnail","6":"product_cat-motor-teile-upgrades","7":"product_tag-chipfactory","8":"product_tag-datsun","9":"product_tag-datsunl28","10":"product_tag-jenvey","11":"product_tag-nissan","12":"product_tag-nissanl28","13":"entry","15":"first","16":"outofstock","17":"shipping-taxable","18":"purchasable","19":"product-type-simple"},"acf":[],"_links":{"self":[{"href":"https:\/\/www.chipfactory.at\/en\/wp-json\/wp\/v2\/product\/3833","targetHints":{"allow":["GET"]}}],"collection":[{"href":"https:\/\/www.chipfactory.at\/en\/wp-json\/wp\/v2\/product"}],"about":[{"href":"https:\/\/www.chipfactory.at\/en\/wp-json\/wp\/v2\/types\/product"}],"wp:featuredmedia":[{"embeddable":true,"href":"https:\/\/www.chipfactory.at\/en\/wp-json\/wp\/v2\/media\/5096"}],"wp:attachment":[{"href":"https:\/\/www.chipfactory.at\/en\/wp-json\/wp\/v2\/media?parent=3833"}],"wp:term":[{"taxonomy":"product_brand","embeddable":true,"href":"https:\/\/www.chipfactory.at\/en\/wp-json\/wp\/v2\/product_brand?post=3833"},{"taxonomy":"product_cat","embeddable":true,"href":"https:\/\/www.chipfactory.at\/en\/wp-json\/wp\/v2\/product_cat?post=3833"},{"taxonomy":"product_tag","embeddable":true,"href":"https:\/\/www.chipfactory.at\/en\/wp-json\/wp\/v2\/product_tag?post=3833"}],"curies":[{"name":"wp","href":"https:\/\/api.w.org\/{rel}","templated":true}]}}