{"id":3848,"date":"2020-11-27T11:55:16","date_gmt":"2020-11-27T09:55:16","guid":{"rendered":"https:\/\/www.chipfactory.at\/?post_type=product&#038;p=3848"},"modified":"2025-02-27T12:17:25","modified_gmt":"2025-02-27T10:17:25","slug":"honda-k20-einzeldrosselanlage-mit-frei-programmierbare-steuerung","status":"publish","type":"product","link":"https:\/\/www.chipfactory.at\/en\/produkt\/honda-k20-einzeldrosselanlage-mit-frei-programmierbare-steuerung\/","title":{"rendered":"Honda K20 Einzeldrosselanlage mit frei Programmierbare Steuerung"},"content":{"rendered":"<p class=\"qtranxs-available-languages-message qtranxs-available-languages-message-en\">Sorry, this entry is only available in <a href=\"https:\/\/www.chipfactory.at\/de\/wp-json\/wp\/v2\/product\/3848\" class=\"qtranxs-available-language-link qtranxs-available-language-link-de\" title=\"Deutsch\">Deutsch<\/a>.<\/p><p><strong>DETAILS ZUM HONDA K20 EP3 &amp; FD2 KIT<\/strong><\/p>\n<p>-51 oder 60mm-Drosselklappengeh\u00e4use<br \/>\n-Jenvey Dynamics EFI-Einlasskr\u00fcmmer<br \/>\n-19 oder 48 mm lange Trichter<br \/>\n-Kraftstoffverteiler<br \/>\n-Kraftstoffdruckregler<br \/>\n-Luftfilter (Sammler) aus Karbon<br \/>\n-Einspritzd\u00fcsen<br \/>\n-EMtron SL6 Steuerger\u00e4t<br \/>\n-alle Sensoren<br \/>\n-Einbau<br \/>\n-Feinabstimmung am Pr\u00fcfstand<br \/>\n-Leistungsmessung<br \/>\n-und s\u00e4mtliches Zubeh\u00f6r<\/p>\n<p>Preis \u20ac 8.200,- inkl.MwSt.<\/p>\n<p>Das Kit wurde f\u00fcr den Motorsport entwickelt und bietet hervorragende Leistung, Zuverl\u00e4ssigkeit, Leichtigkeit und Wertigkeit. Dieses Kit ist ideal f\u00fcr den Einsatz auf der Stra\u00dfe, auf der Rennstrecke oder bei Rally.<\/p>\n<p><div id='gallery-1' class='gallery galleryid-3848 gallery-columns-4 gallery-size-thumbnail'><figure class='gallery-item'>\n\t\t\t<div class='gallery-icon portrait'>\n\t\t\t\t<a href='https:\/\/www.chipfactory.at\/media\/uploads\/2020\/11\/ECU_Emtron_KV8-12_02-1.jpg'><img loading=\"lazy\" decoding=\"async\" width=\"150\" height=\"100\" src=\"https:\/\/www.chipfactory.at\/media\/uploads\/2020\/11\/ECU_Emtron_KV8-12_02-1-150x100.jpg\" class=\"attachment-thumbnail size-thumbnail\" alt=\"\" srcset=\"https:\/\/www.chipfactory.at\/media\/uploads\/2020\/11\/ECU_Emtron_KV8-12_02-1-150x100.jpg 150w, https:\/\/www.chipfactory.at\/media\/uploads\/2020\/11\/ECU_Emtron_KV8-12_02-1-800x533.jpg 800w\" sizes=\"auto, (max-width: 34.9rem) calc(100vw - 2rem), (max-width: 53rem) calc(8 * (100vw \/ 12)), (min-width: 53rem) calc(6 * (100vw \/ 12)), 100vw\" \/><\/a>\n\t\t\t<\/div><\/figure><figure class='gallery-item'>\n\t\t\t<div class='gallery-icon landscape'>\n\t\t\t\t<a href='https:\/\/www.chipfactory.at\/media\/uploads\/2020\/11\/Honda-Chipfactory-Jenvey-4.jpg'><img loading=\"lazy\" decoding=\"async\" width=\"150\" height=\"100\" src=\"https:\/\/www.chipfactory.at\/media\/uploads\/2020\/11\/Honda-Chipfactory-Jenvey-4-150x100.jpg\" class=\"attachment-thumbnail size-thumbnail\" alt=\"\" srcset=\"https:\/\/www.chipfactory.at\/media\/uploads\/2020\/11\/Honda-Chipfactory-Jenvey-4-150x100.jpg 150w, https:\/\/www.chipfactory.at\/media\/uploads\/2020\/11\/Honda-Chipfactory-Jenvey-4-800x533.jpg 800w\" sizes=\"auto, (max-width: 34.9rem) calc(100vw - 2rem), (max-width: 53rem) calc(8 * (100vw \/ 12)), (min-width: 53rem) calc(6 * (100vw \/ 12)), 100vw\" \/><\/a>\n\t\t\t<\/div><\/figure><figure class='gallery-item'>\n\t\t\t<div class='gallery-icon landscape'>\n\t\t\t\t<a href='https:\/\/www.chipfactory.at\/media\/uploads\/2020\/11\/Honda-Chipfactory-Jenvey-3.jpg'><img loading=\"lazy\" decoding=\"async\" width=\"150\" height=\"100\" src=\"https:\/\/www.chipfactory.at\/media\/uploads\/2020\/11\/Honda-Chipfactory-Jenvey-3-150x100.jpg\" class=\"attachment-thumbnail size-thumbnail\" alt=\"\" srcset=\"https:\/\/www.chipfactory.at\/media\/uploads\/2020\/11\/Honda-Chipfactory-Jenvey-3-150x100.jpg 150w, https:\/\/www.chipfactory.at\/media\/uploads\/2020\/11\/Honda-Chipfactory-Jenvey-3-800x533.jpg 800w\" sizes=\"auto, (max-width: 34.9rem) calc(100vw - 2rem), (max-width: 53rem) calc(8 * (100vw \/ 12)), (min-width: 53rem) calc(6 * (100vw \/ 12)), 100vw\" \/><\/a>\n\t\t\t<\/div><\/figure><figure class='gallery-item'>\n\t\t\t<div class='gallery-icon landscape'>\n\t\t\t\t<a href='https:\/\/www.chipfactory.at\/media\/uploads\/2020\/11\/Honda-Chipfactory-Jenvey-1-1.jpg'><img loading=\"lazy\" decoding=\"async\" width=\"150\" height=\"100\" src=\"https:\/\/www.chipfactory.at\/media\/uploads\/2020\/11\/Honda-Chipfactory-Jenvey-1-1-150x100.jpg\" class=\"attachment-thumbnail size-thumbnail\" alt=\"\" srcset=\"https:\/\/www.chipfactory.at\/media\/uploads\/2020\/11\/Honda-Chipfactory-Jenvey-1-1-150x100.jpg 150w, https:\/\/www.chipfactory.at\/media\/uploads\/2020\/11\/Honda-Chipfactory-Jenvey-1-1-800x533.jpg 800w\" sizes=\"auto, (max-width: 34.9rem) calc(100vw - 2rem), (max-width: 53rem) calc(8 * (100vw \/ 12)), (min-width: 53rem) calc(6 * (100vw \/ 12)), 100vw\" \/><\/a>\n\t\t\t<\/div><\/figure>\n\t\t<\/div>\n<\/p>","protected":false},"excerpt":{"rendered":"<p>Sorry, this entry is only available in Deutsch.DETAILS ZUM HONDA K20 EP3 &amp; FD2 KIT -51 oder 60mm-Drosselklappengeh\u00e4use -Jenvey Dynamics EFI-Einlasskr\u00fcmmer -19 oder 48 mm lange Trichter -Kraftstoffverteiler -Kraftstoffdruckregler -Luftfilter (Sammler) aus Karbon -Einspritzd\u00fcsen -EMtron SL6 Steuerger\u00e4t -alle Sensoren -Einbau -Feinabstimmung am Pr\u00fcfstand -Leistungsmessung -und s\u00e4mtliches Zubeh\u00f6r Preis \u20ac 8.200,- inkl.MwSt. Das Kit wurde f\u00fcr &hellip; <\/p>\n<p class=\"link-more\"><a href=\"https:\/\/www.chipfactory.at\/en\/produkt\/honda-k20-einzeldrosselanlage-mit-frei-programmierbare-steuerung\/\" class=\"more-link\">Continue reading<span class=\"screen-reader-text\"> &#8220;Honda K20 Einzeldrosselanlage mit frei Programmierbare Steuerung&#8221;<\/span><\/a><\/p>\n","protected":false},"featured_media":5100,"template":"","meta":{"_acf_changed":false},"product_brand":[],"product_cat":[18],"product_tag":[72,66,119,122,68],"class_list":{"0":"post-3848","1":"product","2":"type-product","3":"status-publish","4":"has-post-thumbnail","6":"product_cat-motor-teile-upgrades","7":"product_tag-chipfactory","8":"product_tag-emtron","9":"product_tag-honda","10":"product_tag-hondak20","11":"product_tag-jenvey","12":"entry","14":"first","15":"outofstock","16":"shipping-taxable","17":"purchasable","18":"product-type-simple"},"acf":[],"_links":{"self":[{"href":"https:\/\/www.chipfactory.at\/en\/wp-json\/wp\/v2\/product\/3848","targetHints":{"allow":["GET"]}}],"collection":[{"href":"https:\/\/www.chipfactory.at\/en\/wp-json\/wp\/v2\/product"}],"about":[{"href":"https:\/\/www.chipfactory.at\/en\/wp-json\/wp\/v2\/types\/product"}],"wp:featuredmedia":[{"embeddable":true,"href":"https:\/\/www.chipfactory.at\/en\/wp-json\/wp\/v2\/media\/5100"}],"wp:attachment":[{"href":"https:\/\/www.chipfactory.at\/en\/wp-json\/wp\/v2\/media?parent=3848"}],"wp:term":[{"taxonomy":"product_brand","embeddable":true,"href":"https:\/\/www.chipfactory.at\/en\/wp-json\/wp\/v2\/product_brand?post=3848"},{"taxonomy":"product_cat","embeddable":true,"href":"https:\/\/www.chipfactory.at\/en\/wp-json\/wp\/v2\/product_cat?post=3848"},{"taxonomy":"product_tag","embeddable":true,"href":"https:\/\/www.chipfactory.at\/en\/wp-json\/wp\/v2\/product_tag?post=3848"}],"curies":[{"name":"wp","href":"https:\/\/api.w.org\/{rel}","templated":true}]}}