{"id":4036,"date":"2021-03-13T13:06:23","date_gmt":"2021-03-13T11:06:23","guid":{"rendered":"https:\/\/www.chipfactory.at\/?post_type=product&#038;p=4036"},"modified":"2023-02-04T11:14:56","modified_gmt":"2023-02-04T09:14:56","slug":"emtron-kv-sl-steuergeraet-halterung-aus-kunststoff","status":"publish","type":"product","link":"https:\/\/www.chipfactory.at\/en\/produkt\/emtron-kv-sl-steuergeraet-halterung-aus-kunststoff\/","title":{"rendered":"Emtron (KV &#038; SL) Steuerger\u00e4t Halterung aus Kunststoff"},"content":{"rendered":"<p class=\"qtranxs-available-languages-message qtranxs-available-languages-message-en\">Sorry, this entry is only available in <a href=\"https:\/\/www.chipfactory.at\/de\/wp-json\/wp\/v2\/product\/4036\" class=\"qtranxs-available-language-link qtranxs-available-language-link-de\" title=\"Deutsch\">Deutsch<\/a>.<\/p><p>Steuerger\u00e4t Halterung aus Kunststoff f\u00fcr alle EMtron KV und SL Steuerger\u00e4te.<\/p>\n<p>Eigenes Logo auf der Halterung kostet \u20ac 30,- inkl.MwSt. Aufpreis.<\/p>\n<p>Preis \u20ac 60,- inkl. MwSt.<\/p>\n<p><div id='gallery-1' class='gallery galleryid-4036 gallery-columns-3 gallery-size-medium'><figure class='gallery-item'>\n\t\t\t<div class='gallery-icon landscape'>\n\t\t\t\t<img loading=\"lazy\" decoding=\"async\" width=\"450\" height=\"281\" src=\"https:\/\/www.chipfactory.at\/media\/uploads\/2021\/03\/Chipfactory_Emtrron_halter_02-450x281.jpg\" class=\"attachment-medium size-medium\" alt=\"\" srcset=\"https:\/\/www.chipfactory.at\/media\/uploads\/2021\/03\/Chipfactory_Emtrron_halter_02-450x281.jpg 450w, https:\/\/www.chipfactory.at\/media\/uploads\/2021\/03\/Chipfactory_Emtrron_halter_02.jpg 1152w\" sizes=\"auto, (max-width: 34.9rem) calc(100vw - 2rem), (max-width: 53rem) calc(8 * (100vw \/ 12)), (min-width: 53rem) calc(6 * (100vw \/ 12)), 100vw\" \/>\n\t\t\t<\/div><\/figure><figure class='gallery-item'>\n\t\t\t<div class='gallery-icon landscape'>\n\t\t\t\t<img loading=\"lazy\" decoding=\"async\" width=\"450\" height=\"281\" src=\"https:\/\/www.chipfactory.at\/media\/uploads\/2021\/03\/Chipfactory_Emtrron_halter_01-450x281.jpg\" class=\"attachment-medium size-medium\" alt=\"\" srcset=\"https:\/\/www.chipfactory.at\/media\/uploads\/2021\/03\/Chipfactory_Emtrron_halter_01-450x281.jpg 450w, https:\/\/www.chipfactory.at\/media\/uploads\/2021\/03\/Chipfactory_Emtrron_halter_01.jpg 1152w\" sizes=\"auto, (max-width: 34.9rem) calc(100vw - 2rem), (max-width: 53rem) calc(8 * (100vw \/ 12)), (min-width: 53rem) calc(6 * (100vw \/ 12)), 100vw\" \/>\n\t\t\t<\/div><\/figure><figure class='gallery-item'>\n\t\t\t<div class='gallery-icon landscape'>\n\t\t\t\t<img loading=\"lazy\" decoding=\"async\" width=\"450\" height=\"281\" src=\"https:\/\/www.chipfactory.at\/media\/uploads\/2021\/03\/Chipfactory_Emtrron_halter_03-450x281.jpg\" class=\"attachment-medium size-medium\" alt=\"\" srcset=\"https:\/\/www.chipfactory.at\/media\/uploads\/2021\/03\/Chipfactory_Emtrron_halter_03-450x281.jpg 450w, https:\/\/www.chipfactory.at\/media\/uploads\/2021\/03\/Chipfactory_Emtrron_halter_03.jpg 1152w\" sizes=\"auto, (max-width: 34.9rem) calc(100vw - 2rem), (max-width: 53rem) calc(8 * (100vw \/ 12)), (min-width: 53rem) calc(6 * (100vw \/ 12)), 100vw\" \/>\n\t\t\t<\/div><\/figure>\n\t\t<\/div>\n<\/p>","protected":false},"excerpt":{"rendered":"<p>Sorry, this entry is only available in Deutsch.Steuerger\u00e4t Halterung aus Kunststoff f\u00fcr alle EMtron KV und SL Steuerger\u00e4te. Eigenes Logo auf der Halterung kostet \u20ac 30,- inkl.MwSt. Aufpreis. Preis \u20ac 60,- inkl. MwSt.<\/p>\n","protected":false},"featured_media":5103,"template":"","meta":{"_acf_changed":false},"product_brand":[],"product_cat":[39],"product_tag":[],"class_list":{"0":"post-4036","1":"product","2":"type-product","3":"status-publish","4":"has-post-thumbnail","6":"product_cat-emtron","7":"entry","9":"first","10":"instock","11":"shipping-taxable","12":"purchasable","13":"product-type-simple"},"acf":[],"_links":{"self":[{"href":"https:\/\/www.chipfactory.at\/en\/wp-json\/wp\/v2\/product\/4036","targetHints":{"allow":["GET"]}}],"collection":[{"href":"https:\/\/www.chipfactory.at\/en\/wp-json\/wp\/v2\/product"}],"about":[{"href":"https:\/\/www.chipfactory.at\/en\/wp-json\/wp\/v2\/types\/product"}],"wp:featuredmedia":[{"embeddable":true,"href":"https:\/\/www.chipfactory.at\/en\/wp-json\/wp\/v2\/media\/5103"}],"wp:attachment":[{"href":"https:\/\/www.chipfactory.at\/en\/wp-json\/wp\/v2\/media?parent=4036"}],"wp:term":[{"taxonomy":"product_brand","embeddable":true,"href":"https:\/\/www.chipfactory.at\/en\/wp-json\/wp\/v2\/product_brand?post=4036"},{"taxonomy":"product_cat","embeddable":true,"href":"https:\/\/www.chipfactory.at\/en\/wp-json\/wp\/v2\/product_cat?post=4036"},{"taxonomy":"product_tag","embeddable":true,"href":"https:\/\/www.chipfactory.at\/en\/wp-json\/wp\/v2\/product_tag?post=4036"}],"curies":[{"name":"wp","href":"https:\/\/api.w.org\/{rel}","templated":true}]}}