{"id":4094,"date":"2021-10-27T15:09:10","date_gmt":"2021-10-27T13:09:10","guid":{"rendered":"https:\/\/www.chipfactory.at\/?post_type=product&#038;p=4094"},"modified":"2023-02-04T11:14:57","modified_gmt":"2023-02-04T09:14:57","slug":"bmw-e36-m3-kabelbaum-fuer-emtron-sl-steuergeraete","status":"publish","type":"product","link":"https:\/\/www.chipfactory.at\/en\/produkt\/bmw-e36-m3-kabelbaum-fuer-emtron-sl-steuergeraete\/","title":{"rendered":"BMW E36 M3 Kabelbaum f\u00fcr Emtron SL Steuerger\u00e4te"},"content":{"rendered":"<p class=\"qtranxs-available-languages-message qtranxs-available-languages-message-en\">Sorry, this entry is only available in <a href=\"https:\/\/www.chipfactory.at\/de\/wp-json\/wp\/v2\/product\/4094\" class=\"qtranxs-available-language-link qtranxs-available-language-link-de\" title=\"Deutsch\">Deutsch<\/a>.<\/p><p>Adapter f\u00fcr die Verwendung von Emtron SL6 und SL8 auf BMW E36 M3.<\/p>\n<p>-Die Emtron SL-Steuerger\u00e4te bieten volle Motorsteuerung.<br \/>\n-In einigen F\u00e4llen bleibt die werkseitige ECU parallel angeschlossen, um \u00fcber den OEM-CAN-Bus zu kommunizieren oder Automatikgetriebe zu steuern.<br \/>\n-BMW-, Dodge- und Ford-Adapter ab 1996 sind so verdrahtet, dass sie auch andere Z\u00fcndspulen ansteuern k\u00f6nnen.<br \/>\n-Vollst\u00e4ndig Plug-and-Play. Einfach zu installieren. Einfach zu deinstallieren.<br \/>\n-Spart Zeit, Kosten f\u00fcr die Festverdrahtung und Ihren werkseitigen Kabelbaum.<\/p>\n<p>DIESES PRODUKT HAT RECHTLICHE EINSCHR\u00c4NKUNGEN. LESEN SIE DIES VOR DER INSTALLATION\/VERWENDUNG!<\/p>\n<p>DIESES PRODUKT DARF AUSSCHLIESSLICH F\u00dcR FAHRZEUGE VERWENDET WERDEN, DIE IN MOTORSPORT WETTBEWERBEN BENUTZT WERDEN, DIE NIEMALS AUF EINER \u00d6FFENTLICHEN STRASSE ODER AUTOBAHN VERWENDET WERDEN, ES SEI DENN, ES IST DURCH BESONDERE GESETZLICHE AUSNAHMEN GESTATTET.<\/p>\n<p>ES LIEGT IN DER VERANTWORTUNG DES BENUTZERS DIESES PRODUKTS SICHERZUSTELLEN, DASS ES IN EINHALTUNG ALLER GELTENDEN GESETZE UND VORSCHRIFTEN VERWENDET WIRD.<br \/>\n<\/p>","protected":false},"excerpt":{"rendered":"<p>Sorry, this entry is only available in Deutsch.Adapter f\u00fcr die Verwendung von Emtron SL6 und SL8 auf BMW E36 M3. -Die Emtron SL-Steuerger\u00e4te bieten volle Motorsteuerung. -In einigen F\u00e4llen bleibt die werkseitige ECU parallel angeschlossen, um \u00fcber den OEM-CAN-Bus zu kommunizieren oder Automatikgetriebe zu steuern. -BMW-, Dodge- und Ford-Adapter ab 1996 sind so verdrahtet, dass &hellip; <\/p>\n<p class=\"link-more\"><a href=\"https:\/\/www.chipfactory.at\/en\/produkt\/bmw-e36-m3-kabelbaum-fuer-emtron-sl-steuergeraete\/\" class=\"more-link\">Continue reading<span class=\"screen-reader-text\"> &#8220;BMW E36 M3 Kabelbaum f\u00fcr Emtron SL Steuerger\u00e4te&#8221;<\/span><\/a><\/p>\n","protected":false},"featured_media":5106,"template":"","meta":{"_acf_changed":false},"product_brand":[],"product_cat":[39],"product_tag":[],"class_list":{"0":"post-4094","1":"product","2":"type-product","3":"status-publish","4":"has-post-thumbnail","6":"product_cat-emtron","7":"entry","9":"first","10":"instock","11":"shipping-taxable","12":"purchasable","13":"product-type-simple"},"acf":[],"_links":{"self":[{"href":"https:\/\/www.chipfactory.at\/en\/wp-json\/wp\/v2\/product\/4094","targetHints":{"allow":["GET"]}}],"collection":[{"href":"https:\/\/www.chipfactory.at\/en\/wp-json\/wp\/v2\/product"}],"about":[{"href":"https:\/\/www.chipfactory.at\/en\/wp-json\/wp\/v2\/types\/product"}],"wp:featuredmedia":[{"embeddable":true,"href":"https:\/\/www.chipfactory.at\/en\/wp-json\/wp\/v2\/media\/5106"}],"wp:attachment":[{"href":"https:\/\/www.chipfactory.at\/en\/wp-json\/wp\/v2\/media?parent=4094"}],"wp:term":[{"taxonomy":"product_brand","embeddable":true,"href":"https:\/\/www.chipfactory.at\/en\/wp-json\/wp\/v2\/product_brand?post=4094"},{"taxonomy":"product_cat","embeddable":true,"href":"https:\/\/www.chipfactory.at\/en\/wp-json\/wp\/v2\/product_cat?post=4094"},{"taxonomy":"product_tag","embeddable":true,"href":"https:\/\/www.chipfactory.at\/en\/wp-json\/wp\/v2\/product_tag?post=4094"}],"curies":[{"name":"wp","href":"https:\/\/api.w.org\/{rel}","templated":true}]}}