{"id":4097,"date":"2021-10-27T15:23:36","date_gmt":"2021-10-27T13:23:36","guid":{"rendered":"https:\/\/www.chipfactory.at\/?post_type=product&#038;p=4097"},"modified":"2023-02-04T11:14:57","modified_gmt":"2023-02-04T09:14:57","slug":"honda-civic-ab-2015-kabelbaum-fuer-emtron-kv-steuergeraete","status":"publish","type":"product","link":"https:\/\/www.chipfactory.at\/en\/produkt\/honda-civic-ab-2015-kabelbaum-fuer-emtron-kv-steuergeraete\/","title":{"rendered":"Honda Kabelbaum f\u00fcr Emtron KV Steuerger\u00e4te"},"content":{"rendered":"<p class=\"qtranxs-available-languages-message qtranxs-available-languages-message-en\">Sorry, this entry is only available in <a href=\"https:\/\/www.chipfactory.at\/de\/wp-json\/wp\/v2\/product\/4097\" class=\"qtranxs-available-language-link qtranxs-available-language-link-de\" title=\"Deutsch\">Deutsch<\/a>.<\/p><p>Adapter f\u00fcr die Verwendung von Emtron KV8, KV12 und KV16 auf Honda Accord, Civic, CRX, Prelude, S2000  ab Baujahr 1988 bis 2015.<\/p>\n<p>-Die Emtron KV-Steuerger\u00e4te bieten volle Motorsteuerung.<br \/>\n-Bosch 4.9 LSU-Verkabelung ist im Lieferumfang enthalten.<br \/>\n-In einigen F\u00e4llen bleibt die werkseitige ECU parallel angeschlossen, um \u00fcber den OEM-CAN-Bus zu kommunizieren oder Automatikgetriebe zu steuern.<br \/>\n-BMW-, Dodge- und Ford-Adapter ab 1996 sind so verdrahtet, dass sie auch andere Z\u00fcndspulen ansteuern k\u00f6nnen.<br \/>\n-Vollst\u00e4ndig Plug-and-Play. Einfach zu installieren. Einfach zu deinstallieren.<br \/>\n-Spart Zeit, Kosten f\u00fcr die Festverdrahtung und Ihren werkseitigen Kabelbaum.<\/p>\n<p>DIESES PRODUKT HAT RECHTLICHE EINSCHR\u00c4NKUNGEN. LESEN SIE DIES VOR DER INSTALLATION\/VERWENDUNG!<\/p>\n<p>DIESES PRODUKT DARF AUSSCHLIESSLICH F\u00dcR FAHRZEUGE VERWENDET WERDEN, DIE IN MOTORSPORT WETTBEWERBEN BENUTZT WERDEN, DIE NIEMALS AUF EINER \u00d6FFENTLICHEN STRASSE ODER AUTOBAHN VERWENDET WERDEN, ES SEI DENN, ES IST DURCH BESONDERE GESETZLICHE AUSNAHMEN GESTATTET.<\/p>\n<p>ES LIEGT IN DER VERANTWORTUNG DES BENUTZERS DIESES PRODUKTS SICHERZUSTELLEN, DASS ES IN EINHALTUNG ALLER GELTENDEN GESETZE UND VORSCHRIFTEN VERWENDET WIRD.<br \/>\n<\/p>","protected":false},"excerpt":{"rendered":"<p>Sorry, this entry is only available in Deutsch.Adapter f\u00fcr die Verwendung von Emtron KV8, KV12 und KV16 auf Honda Accord, Civic, CRX, Prelude, S2000 ab Baujahr 1988 bis 2015. -Die Emtron KV-Steuerger\u00e4te bieten volle Motorsteuerung. -Bosch 4.9 LSU-Verkabelung ist im Lieferumfang enthalten. -In einigen F\u00e4llen bleibt die werkseitige ECU parallel angeschlossen, um \u00fcber den OEM-CAN-Bus &hellip; <\/p>\n<p class=\"link-more\"><a href=\"https:\/\/www.chipfactory.at\/en\/produkt\/honda-civic-ab-2015-kabelbaum-fuer-emtron-kv-steuergeraete\/\" class=\"more-link\">Continue reading<span class=\"screen-reader-text\"> &#8220;Honda Kabelbaum f\u00fcr Emtron KV Steuerger\u00e4te&#8221;<\/span><\/a><\/p>\n","protected":false},"featured_media":5108,"template":"","meta":{"_acf_changed":false},"product_brand":[],"product_cat":[39],"product_tag":[],"class_list":{"0":"post-4097","1":"product","2":"type-product","3":"status-publish","4":"has-post-thumbnail","6":"product_cat-emtron","7":"entry","9":"first","10":"instock","11":"shipping-taxable","12":"purchasable","13":"product-type-simple"},"acf":[],"_links":{"self":[{"href":"https:\/\/www.chipfactory.at\/en\/wp-json\/wp\/v2\/product\/4097","targetHints":{"allow":["GET"]}}],"collection":[{"href":"https:\/\/www.chipfactory.at\/en\/wp-json\/wp\/v2\/product"}],"about":[{"href":"https:\/\/www.chipfactory.at\/en\/wp-json\/wp\/v2\/types\/product"}],"wp:featuredmedia":[{"embeddable":true,"href":"https:\/\/www.chipfactory.at\/en\/wp-json\/wp\/v2\/media\/5108"}],"wp:attachment":[{"href":"https:\/\/www.chipfactory.at\/en\/wp-json\/wp\/v2\/media?parent=4097"}],"wp:term":[{"taxonomy":"product_brand","embeddable":true,"href":"https:\/\/www.chipfactory.at\/en\/wp-json\/wp\/v2\/product_brand?post=4097"},{"taxonomy":"product_cat","embeddable":true,"href":"https:\/\/www.chipfactory.at\/en\/wp-json\/wp\/v2\/product_cat?post=4097"},{"taxonomy":"product_tag","embeddable":true,"href":"https:\/\/www.chipfactory.at\/en\/wp-json\/wp\/v2\/product_tag?post=4097"}],"curies":[{"name":"wp","href":"https:\/\/api.w.org\/{rel}","templated":true}]}}