{"id":4103,"date":"2021-10-27T15:45:56","date_gmt":"2021-10-27T13:45:56","guid":{"rendered":"https:\/\/www.chipfactory.at\/?post_type=product&#038;p=4103"},"modified":"2025-02-27T12:07:03","modified_gmt":"2025-02-27T10:07:03","slug":"lamborghini-aventador-6-5l-v12-kabelbaum-fuer-emtron-kv12","status":"publish","type":"product","link":"https:\/\/www.chipfactory.at\/en\/produkt\/lamborghini-aventador-6-5l-v12-kabelbaum-fuer-emtron-kv12\/","title":{"rendered":"Lamborghini Aventador 6.5L V12 Kabelbaum f\u00fcr Emtron KV12"},"content":{"rendered":"<p class=\"qtranxs-available-languages-message qtranxs-available-languages-message-en\">Sorry, this entry is only available in <a href=\"https:\/\/www.chipfactory.at\/de\/wp-json\/wp\/v2\/product\/4103\" class=\"qtranxs-available-language-link qtranxs-available-language-link-de\" title=\"Deutsch\">Deutsch<\/a>.<\/p><p>Adapter f\u00fcr die Verwendung von Emtron KV12 auf Lamborghini Aventador 6.5L V12.<\/p>\n<p>Emtron KV12 Plug and Play Kabelsatz-Kit f\u00fcr den Lamborghini Aventador 6.5L V12. Emtron KV12 unterst\u00fctzt 12 einzelne Spulen und 12 Injektoren und hat immer noch viel I\/O, um die Steuerung der vierfachen DBW-Drosseln des V12 L539-Motors, vier VVT-Magnetventile, Dual-MAP, Dual-Kraftstoffdruck, Dual-Boost-Magnetventile, Dual-Klopf- sowie eine Vielzahl anderer Sensoren.<br \/>\n-Vollst\u00e4ndig Plug-and-Play. Einfach zu installieren. Einfach zu deinstallieren.<br \/>\n-Spart Zeit, Kosten f\u00fcr die Festverdrahtung und Ihren werkseitigen Kabelbaum.<\/p>\n<p>DIESES PRODUKT HAT RECHTLICHE EINSCHR\u00c4NKUNGEN. LESEN SIE DIES VOR DER INSTALLATION\/VERWENDUNG!<\/p>\n<p>DIESES PRODUKT DARF AUSSCHLIESSLICH F\u00dcR FAHRZEUGE VERWENDET WERDEN, DIE IN MOTORSPORT WETTBEWERBEN BENUTZT WERDEN, DIE NIEMALS AUF EINER \u00d6FFENTLICHEN STRASSE ODER AUTOBAHN VERWENDET WERDEN, ES SEI DENN, ES IST DURCH BESONDERE GESETZLICHE AUSNAHMEN GESTATTET.<\/p>\n<p>ES LIEGT IN DER VERANTWORTUNG DES BENUTZERS DIESES PRODUKTS SICHERZUSTELLEN, DASS ES IN EINHALTUNG ALLER GELTENDEN GESETZE UND VORSCHRIFTEN VERWENDET WIRD.<br \/>\n<\/p>","protected":false},"excerpt":{"rendered":"<p>Sorry, this entry is only available in Deutsch.Adapter f\u00fcr die Verwendung von Emtron KV12 auf Lamborghini Aventador 6.5L V12. Emtron KV12 Plug and Play Kabelsatz-Kit f\u00fcr den Lamborghini Aventador 6.5L V12. Emtron KV12 unterst\u00fctzt 12 einzelne Spulen und 12 Injektoren und hat immer noch viel I\/O, um die Steuerung der vierfachen DBW-Drosseln des V12 L539-Motors, &hellip; <\/p>\n<p class=\"link-more\"><a href=\"https:\/\/www.chipfactory.at\/en\/produkt\/lamborghini-aventador-6-5l-v12-kabelbaum-fuer-emtron-kv12\/\" class=\"more-link\">Continue reading<span class=\"screen-reader-text\"> &#8220;Lamborghini Aventador 6.5L V12 Kabelbaum f\u00fcr Emtron KV12&#8221;<\/span><\/a><\/p>\n","protected":false},"featured_media":5111,"template":"","meta":{"_acf_changed":false},"product_brand":[],"product_cat":[39],"product_tag":[],"class_list":{"0":"post-4103","1":"product","2":"type-product","3":"status-publish","4":"has-post-thumbnail","6":"product_cat-emtron","7":"entry","9":"first","10":"instock","11":"shipping-taxable","12":"purchasable","13":"product-type-simple"},"acf":[],"_links":{"self":[{"href":"https:\/\/www.chipfactory.at\/en\/wp-json\/wp\/v2\/product\/4103","targetHints":{"allow":["GET"]}}],"collection":[{"href":"https:\/\/www.chipfactory.at\/en\/wp-json\/wp\/v2\/product"}],"about":[{"href":"https:\/\/www.chipfactory.at\/en\/wp-json\/wp\/v2\/types\/product"}],"wp:featuredmedia":[{"embeddable":true,"href":"https:\/\/www.chipfactory.at\/en\/wp-json\/wp\/v2\/media\/5111"}],"wp:attachment":[{"href":"https:\/\/www.chipfactory.at\/en\/wp-json\/wp\/v2\/media?parent=4103"}],"wp:term":[{"taxonomy":"product_brand","embeddable":true,"href":"https:\/\/www.chipfactory.at\/en\/wp-json\/wp\/v2\/product_brand?post=4103"},{"taxonomy":"product_cat","embeddable":true,"href":"https:\/\/www.chipfactory.at\/en\/wp-json\/wp\/v2\/product_cat?post=4103"},{"taxonomy":"product_tag","embeddable":true,"href":"https:\/\/www.chipfactory.at\/en\/wp-json\/wp\/v2\/product_tag?post=4103"}],"curies":[{"name":"wp","href":"https:\/\/api.w.org\/{rel}","templated":true}]}}